{"id":998,"date":"2021-02-09T12:41:29","date_gmt":"2021-02-09T12:41:29","guid":{"rendered":"https:\/\/pargipaik.ee\/?page_id=998"},"modified":"2025-11-28T11:42:26","modified_gmt":"2025-11-28T11:42:26","slug":"hinnad-2","status":"publish","type":"page","link":"https:\/\/pargipaik.ee\/fi\/hinnad-2\/","title":{"rendered":"Hinnad 2 Est"},"content":{"rendered":"<p>[et_pb_section fb_built=&#8221;1&#8243; _builder_version=&#8221;4.8.1&#8243; _module_preset=&#8221;default&#8221; global_colors_info=&#8221;{}&#8221;][et_pb_row column_structure=&#8221;1_3,1_3,1_3&#8243; module_id=&#8221;s&#8221; module_class=&#8221;s&#8221; _builder_version=&#8221;4.8.1&#8243; _module_preset=&#8221;default&#8221; custom_padding=&#8221;26px|||||&#8221; global_colors_info=&#8221;{}&#8221;][et_pb_column type=&#8221;1_3&#8243; _builder_version=&#8221;4.8.1&#8243; _module_preset=&#8221;default&#8221; global_colors_info=&#8221;{}&#8221;][et_pb_text _builder_version=&#8221;4.14.7&#8243; _module_preset=&#8221;default&#8221; text_font=&#8221;Rubik|500|||||||&#8221; text_text_color=&#8221;#000000&#8243; text_font_size=&#8221;22px&#8221; text_font_size_tablet=&#8221;&#8221; text_font_size_phone=&#8221;&#8221; text_font_size_last_edited=&#8221;on|desktop&#8221; global_colors_info=&#8221;{}&#8221;]<\/p>\n<p>Pakettiauto, Erikoiskoneet, Asuntovaunu<\/p>\n<p><span>Per\u00e4vaunu, joka on pidempi kuin kuusi metri\u00e4 (yli 6 m)<\/span><\/p>\n<p>[\/et_pb_text][\/et_pb_column][et_pb_column type=&#8221;1_3&#8243; _builder_version=&#8221;4.8.1&#8243; _module_preset=&#8221;default&#8221; global_colors_info=&#8221;{}&#8221;][et_pb_text _builder_version=&#8221;4.14.7&#8243; _module_preset=&#8221;default&#8221; text_font_size=&#8221;19px&#8221; text_line_height=&#8221;1.2em&#8221; text_font_size_tablet=&#8221;&#8221; text_font_size_phone=&#8221;&#8221; text_font_size_last_edited=&#8221;on|desktop&#8221; global_colors_info=&#8221;{}&#8221;]<\/p>\n<p>1 p\u00e4iv\u00e4 \u2013 20 Eur<\/p>\n<p>2 p\u00e4iv\u00e4\u00e4 \u2013 40 eur<\/p>\n<p>3 p\u00e4iv\u00e4\u00e4 \u2013 60 eur<\/p>\n<p>4 p\u00e4eva &#8211; 80 eur<\/p>\n<p>Kuukausi \u2013 95 eur<\/p>\n<p><span>Yli 9 m matkailuvaunu \u2013 125 \u20ac\/kuukausi<\/span><\/p>\n<p>[\/et_pb_text][et_pb_text _builder_version=&#8221;4.14.7&#8243; _module_preset=&#8221;default&#8221; text_font=&#8221;Rubik|500|||||||&#8221; text_text_color=&#8221;#000000&#8243; text_font_size=&#8221;22px&#8221; hover_enabled=&#8221;0&#8243; text_font_size_tablet=&#8221;&#8221; text_font_size_phone=&#8221;&#8221; text_font_size_last_edited=&#8221;on|desktop&#8221; global_colors_info=&#8221;{}&#8221; sticky_enabled=&#8221;0&#8243;]<\/p>\n<h4>(Hinta sis. alv 24%)<\/h4>\n<p>[\/et_pb_text][\/et_pb_column][et_pb_column type=&#8221;1_3&#8243; _builder_version=&#8221;4.8.1&#8243; _module_preset=&#8221;default&#8221; global_colors_info=&#8221;{}&#8221;][\/et_pb_column][\/et_pb_row][\/et_pb_section]<\/p>","protected":false},"excerpt":{"rendered":"<p>Kaubik, eritehnika, haagissuvila Haagis pikem kui kuus meetrit ( \u00fcle 6 m )1 p\u00e4ev &#8211; 20 Eur 2 p\u00e4eva &#8211; 40 eur 3 p\u00e4eva &#8211; 60 eur 4 p\u00e4eva &#8211; 80 eur 1 kuu &#8211; 95 eur \u00dcle 9 m haagissuvila \u2013 125 \u20ac\/kuu(Hind sisaldab VAT 24%)<\/p>","protected":false},"author":1,"featured_media":0,"parent":0,"menu_order":0,"comment_status":"closed","ping_status":"closed","template":"","meta":{"_et_pb_use_builder":"on","_et_pb_old_content":"","_et_gb_content_width":"","footnotes":""},"class_list":["post-998","page","type-page","status-publish","hentry"],"_links":{"self":[{"href":"https:\/\/pargipaik.ee\/fi\/wp-json\/wp\/v2\/pages\/998","targetHints":{"allow":["GET"]}}],"collection":[{"href":"https:\/\/pargipaik.ee\/fi\/wp-json\/wp\/v2\/pages"}],"about":[{"href":"https:\/\/pargipaik.ee\/fi\/wp-json\/wp\/v2\/types\/page"}],"author":[{"embeddable":true,"href":"https:\/\/pargipaik.ee\/fi\/wp-json\/wp\/v2\/users\/1"}],"replies":[{"embeddable":true,"href":"https:\/\/pargipaik.ee\/fi\/wp-json\/wp\/v2\/comments?post=998"}],"version-history":[{"count":7,"href":"https:\/\/pargipaik.ee\/fi\/wp-json\/wp\/v2\/pages\/998\/revisions"}],"predecessor-version":[{"id":1387,"href":"https:\/\/pargipaik.ee\/fi\/wp-json\/wp\/v2\/pages\/998\/revisions\/1387"}],"wp:attachment":[{"href":"https:\/\/pargipaik.ee\/fi\/wp-json\/wp\/v2\/media?parent=998"}],"curies":[{"name":"wp","href":"https:\/\/api.w.org\/{rel}","templated":true}]}}