{"id":1181,"date":"2021-03-12T08:38:34","date_gmt":"2021-03-12T08:38:34","guid":{"rendered":"https:\/\/pargipaik.ee\/?page_id=1181"},"modified":"2021-03-18T13:27:59","modified_gmt":"2021-03-18T13:27:59","slug":"tingimused","status":"publish","type":"page","link":"https:\/\/pargipaik.ee\/lv\/tingimused\/","title":{"rendered":"Nosac\u012bjumi"},"content":{"rendered":"<p>[et_pb_section fb_built=&#8221;1&#8243; _builder_version=&#8221;4.8.1&#8243; _module_preset=&#8221;default&#8221;][et_pb_row module_id=&#8221;s&#8221; module_class=&#8221;s&#8221; _builder_version=&#8221;4.8.1&#8243; _module_preset=&#8221;default&#8221; custom_padding=&#8221;26px|||||&#8221;][et_pb_column type=&#8221;4_4&#8243; _builder_version=&#8221;4.8.1&#8243; _module_preset=&#8221;default&#8221;][et_pb_text _builder_version=&#8221;4.8.1&#8243; _module_preset=&#8221;default&#8221; text_font=&#8221;Rubik|500|||||||&#8221; text_text_color=&#8221;#000000&#8243; text_font_size=&#8221;22px&#8221; hover_enabled=&#8221;0&#8243; text_font_size_tablet=&#8221;&#8221; text_font_size_phone=&#8221;&#8221; text_font_size_last_edited=&#8221;on|desktop&#8221; sticky_enabled=&#8221;0&#8243;]<\/p>\n<p>PARKIMISTINGIMUSED<\/p>\n<p>[\/et_pb_text][et_pb_text _builder_version=&#8221;4.8.1&#8243; _module_preset=&#8221;default&#8221; text_font_size=&#8221;19px&#8221; text_line_height=&#8221;1.2em&#8221; custom_margin_tablet=&#8221;||||false|false&#8221; custom_margin_phone=&#8221;&#8221; custom_margin_last_edited=&#8221;on|phone&#8221; hover_enabled=&#8221;0&#8243; text_font_size_tablet=&#8221;&#8221; text_font_size_phone=&#8221;&#8221; text_font_size_last_edited=&#8221;on|desktop&#8221; sticky_enabled=&#8221;0&#8243;]<\/p>\n<div class=\"page\" title=\"Page 1\">\n<div class=\"layoutArea\">\n<div class=\"column\">\n<p>Sava Pargipaik O\u00dc (edaspidi Operaator) ja s\u00f5iduki omaniku v\u00f5i kasutaja (edaspidi S\u00f5idukijuht) s\u00f5lmitakse eraparkla kasutamise leping (edaspidi Leping) j\u00e4rgnevatel tingimustel (edaspidi Tingimused):<\/p>\n<p>1. Operaator v\u00e4ljendab Lepingus toodud tingimuste esitamisega pakkumust Lepingu s\u00f5lmimiseks V\u00d5S \u00a7 16 lg 1 j\u00e4rgi. S\u00f5ites s\u00f5idukiga parklasse, aktsepteerib S\u00f5idukijuht Operaatori poolt esitatud tingimusi ja Leping loetakse s\u00f5lmituks V\u00d5S \u00a7 20 lg 1 j\u00e4rgi\/alusel.<span class=\"Apple-converted-space\">\u00a0<\/span><\/p>\n<p>2. Lepingu tingimuste t\u00e4itmise eest vastutab s\u00f5iduki omanik S\u00f5idukijuhiga solidaarselt.<\/p>\n<p>3. Operaatoril on \u00f5igus eeldada, et s\u00f5iduki omanik v\u00f5i vastutav kasutaja on s\u00f5iduki juhiks ja Lepingu pooleks.<\/p>\n<p>4. S\u00f5idukijuht on kohustatud Operaatori parkimiskoha kasutamise eest tasuma parkimistasu v\u00f5i omama antud parkimisalal parkimis\u00f5igust andvat parkimisluba.<\/p>\n<p>5. Parkimistasu suurus on m\u00e4rgitud Operaatori veebilehel internetis \u2013 www.pargipaik.ee, parkimistasu maksmise aeg on m\u00e4rgitud parkimise eest v\u00e4ljastatud arvel, parkimise eest arve mitte\u00f5igeaegse tasumise korral lisandub viivis.<\/p>\n<p>6. S\u00f5idukijuhil on \u00f5igus kasutada parklat parkimiseks. Keelatud on tegevused, mis kahjustavad parklat v\u00f5i parkla heakorda (n\u00e4iteks: pr\u00fcgi mahapanek, s\u00f5idukite pesu v\u00e4ljapool pesulat, s\u00f5idukite remont, suitsetamine parkla territooriumil jne).<\/p>\n<p>7. Lepingu rikkumise korral kohustub S\u00f5idukijuht tasuma Operaatorile leppetrahvi 57 eurot. Leppetrahvi tasumine ei asenda parkimistasu maksmist.<\/p>\n<p>8. Lepingu rikkumise korral on Operaatoril \u00f5igus kohaldada k\u00f5iki seadusega koosk\u00f5las olevaid \u00f5iguskaitsevahendeid, sh takistada parkimisalalt lahkumist.<\/p>\n<p>9. Juhul, kui s\u00f5iduk tekitab parklas viibimisega Operaatorile kahju v\u00f5i kui s\u00f5idukiga lahkutakse parkimisalalt hoolimata selle takistamisest Operaatori poolt v\u00f5i kui rikutakse Lepingut v\u00f5is seadust, sh kui on pargitud numbrim\u00e4rgita s\u00f5iduk v\u00f5i esinevad liiklusseaduse \u00a7 92 lg-s 6 s\u00e4testatud asjaolud, on Operaatoril \u00f5igus s\u00f5iduk teisaldada. S\u00f5iduki teisaldamise korral on Operaatoril \u00f5igus hoida s\u00f5idukit teisalduskohas kinni kuni k\u00f5ikide parkimisega seonduvate kulude tasumiseni, sh ka s\u00f5iduki teisaldamisega seotud kulude tasumiseni.<\/p>\n<p>10. Operaatoril on \u00f5igus loovutada Lepingust tulenevad n\u00f5uded inkassoteenust osutavale isikule, p\u00f6\u00f6rduda n\u00f5udega maakohtusse ning avalikustada v\u00f5laandmed (makseh\u00e4ireandmed) Operaatori kodulehel avaldatud lepingupartneritele.<\/p>\n<p>11. S\u00f5idukijuht on kohustatud parklat ja parkimiskohta kasutama j\u00e4rgides s\u00f5idukijuhi hoolsuskohustust ning l\u00e4htuma paigaldatud viitadest, m\u00e4rkidest ja Operaatori juhistest.<span class=\"Apple-converted-space\">\u00a0<\/span><\/p>\n<\/div>\n<\/div>\n<\/div>\n<p>[\/et_pb_text][\/et_pb_column][\/et_pb_row][\/et_pb_section]<\/p>","protected":false},"excerpt":{"rendered":"<p>PARKIMISTINGIMUSED Sava Pargipaik O\u00dc (edaspidi Operaator) ja s\u00f5iduki omaniku v\u00f5i kasutaja (edaspidi S\u00f5idukijuht) s\u00f5lmitakse eraparkla kasutamise leping (edaspidi Leping) j\u00e4rgnevatel tingimustel (edaspidi Tingimused): 1. Operaator v\u00e4ljendab Lepingus toodud tingimuste esitamisega pakkumust Lepingu s\u00f5lmimiseks V\u00d5S \u00a7 16 lg 1 j\u00e4rgi. S\u00f5ites s\u00f5idukiga parklasse, aktsepteerib S\u00f5idukijuht Operaatori poolt esitatud tingimusi ja Leping loetakse s\u00f5lmituks V\u00d5S \u00a7 20 [&hellip;]<\/p>","protected":false},"author":1,"featured_media":0,"parent":0,"menu_order":0,"comment_status":"closed","ping_status":"closed","template":"","meta":{"_et_pb_use_builder":"on","_et_pb_old_content":"","_et_gb_content_width":"","footnotes":""},"class_list":["post-1181","page","type-page","status-publish","hentry"],"_links":{"self":[{"href":"https:\/\/pargipaik.ee\/lv\/wp-json\/wp\/v2\/pages\/1181","targetHints":{"allow":["GET"]}}],"collection":[{"href":"https:\/\/pargipaik.ee\/lv\/wp-json\/wp\/v2\/pages"}],"about":[{"href":"https:\/\/pargipaik.ee\/lv\/wp-json\/wp\/v2\/types\/page"}],"author":[{"embeddable":true,"href":"https:\/\/pargipaik.ee\/lv\/wp-json\/wp\/v2\/users\/1"}],"replies":[{"embeddable":true,"href":"https:\/\/pargipaik.ee\/lv\/wp-json\/wp\/v2\/comments?post=1181"}],"version-history":[{"count":0,"href":"https:\/\/pargipaik.ee\/lv\/wp-json\/wp\/v2\/pages\/1181\/revisions"}],"wp:attachment":[{"href":"https:\/\/pargipaik.ee\/lv\/wp-json\/wp\/v2\/media?parent=1181"}],"curies":[{"name":"wp","href":"https:\/\/api.w.org\/{rel}","templated":true}]}}