{"id":1004,"date":"2021-02-09T12:43:30","date_gmt":"2021-02-09T12:43:30","guid":{"rendered":"https:\/\/pargipaik.ee\/?page_id=1004"},"modified":"2025-11-28T11:42:49","modified_gmt":"2025-11-28T11:42:49","slug":"hinnad-3","status":"publish","type":"page","link":"https:\/\/pargipaik.ee\/ru\/hinnad-3\/","title":{"rendered":"Hinnad 3 Est"},"content":{"rendered":"<p>[et_pb_section fb_built=&#8221;1&#8243; _builder_version=&#8221;4.8.1&#8243; _module_preset=&#8221;default&#8221; global_colors_info=&#8221;{}&#8221;][et_pb_row column_structure=&#8221;1_3,1_3,1_3&#8243; module_id=&#8221;s&#8221; module_class=&#8221;s&#8221; _builder_version=&#8221;4.8.1&#8243; _module_preset=&#8221;default&#8221; custom_padding=&#8221;26px|||||&#8221; global_colors_info=&#8221;{}&#8221;][et_pb_column type=&#8221;1_3&#8243; _builder_version=&#8221;4.8.1&#8243; _module_preset=&#8221;default&#8221; global_colors_info=&#8221;{}&#8221;][et_pb_text _builder_version=&#8221;4.8.1&#8243; _module_preset=&#8221;default&#8221; text_font=&#8221;Rubik|500|||||||&#8221; text_text_color=&#8221;#000000&#8243; text_font_size=&#8221;22px&#8221; text_font_size_tablet=&#8221;&#8221; text_font_size_phone=&#8221;&#8221; text_font_size_last_edited=&#8221;on|desktop&#8221; global_colors_info=&#8221;{}&#8221;]<\/p>\n<p>\u0413\u0440\u0443\u0437\u043e\u0432\u0438\u043a, \u0430\u0432\u0442\u043e\u0431\u0443\u0441<\/p>\n<p>[\/et_pb_text][\/et_pb_column][et_pb_column type=&#8221;1_3&#8243; _builder_version=&#8221;4.8.1&#8243; _module_preset=&#8221;default&#8221; global_colors_info=&#8221;{}&#8221;][et_pb_text _builder_version=&#8221;4.14.7&#8243; _module_preset=&#8221;default&#8221; text_font_size=&#8221;19px&#8221; text_line_height=&#8221;1.2em&#8221; text_font_size_tablet=&#8221;&#8221; text_font_size_phone=&#8221;&#8221; text_font_size_last_edited=&#8221;on|desktop&#8221; global_colors_info=&#8221;{}&#8221;]<\/p>\n<p>1 \u0434\u0435\u043d\u044c \u2013 40 eur<\/p>\n<p>2 \u0434\u043d\u044f \u2013 80 eur<\/p>\n<p>3 \u0434\u043d\u044f \u2013 120 eur<\/p>\n<p>4 \u0434\u043d\u044f \u2013 160 eur<\/p>\n<p>\u041c\u0435\u0441\u044f\u0446 \u2013 195 eur<\/p>\n<p>[\/et_pb_text][et_pb_text _builder_version=&#8221;4.14.7&#8243; _module_preset=&#8221;default&#8221; text_font_size=&#8221;19px&#8221; text_line_height=&#8221;1.2em&#8221; custom_margin=&#8221;||5px|||&#8221; custom_margin_tablet=&#8221;-16px||||false|false&#8221; custom_margin_phone=&#8221;&#8221; custom_margin_last_edited=&#8221;on|phone&#8221; hover_enabled=&#8221;0&#8243; text_font_size_tablet=&#8221;&#8221; text_font_size_phone=&#8221;&#8221; text_font_size_last_edited=&#8221;on|desktop&#8221; global_colors_info=&#8221;{}&#8221; sticky_enabled=&#8221;0&#8243;]<\/p>\n<h4><strong>(\u0446\u0435\u043d\u0430 \u0441\u043e\u0434\u0435\u0440\u0436\u0438\u0442 \u041d\u0414\u0421 - 24%)<\/strong><\/h4>\n<p>&nbsp;<\/p>\n<p>[\/et_pb_text][\/et_pb_column][et_pb_column type=&#8221;1_3&#8243; _builder_version=&#8221;4.8.1&#8243; _module_preset=&#8221;default&#8221; global_colors_info=&#8221;{}&#8221;][\/et_pb_column][\/et_pb_row][\/et_pb_section]<\/p>","protected":false},"excerpt":{"rendered":"<p>Veoauto, buss1 p\u00e4ev &#8211; 40 Eur 2 p\u00e4eva &#8211; 80 eur 3 p\u00e4eva &#8211; 120 eur 4 p\u00e4eva &#8211; 160 eur 1 kuu &#8211; 195 eur(Hind sisaldab VAT 24%) &nbsp;<\/p>","protected":false},"author":1,"featured_media":0,"parent":0,"menu_order":0,"comment_status":"closed","ping_status":"closed","template":"","meta":{"_et_pb_use_builder":"on","_et_pb_old_content":"","_et_gb_content_width":"","footnotes":""},"class_list":["post-1004","page","type-page","status-publish","hentry"],"_links":{"self":[{"href":"https:\/\/pargipaik.ee\/ru\/wp-json\/wp\/v2\/pages\/1004","targetHints":{"allow":["GET"]}}],"collection":[{"href":"https:\/\/pargipaik.ee\/ru\/wp-json\/wp\/v2\/pages"}],"about":[{"href":"https:\/\/pargipaik.ee\/ru\/wp-json\/wp\/v2\/types\/page"}],"author":[{"embeddable":true,"href":"https:\/\/pargipaik.ee\/ru\/wp-json\/wp\/v2\/users\/1"}],"replies":[{"embeddable":true,"href":"https:\/\/pargipaik.ee\/ru\/wp-json\/wp\/v2\/comments?post=1004"}],"version-history":[{"count":6,"href":"https:\/\/pargipaik.ee\/ru\/wp-json\/wp\/v2\/pages\/1004\/revisions"}],"predecessor-version":[{"id":1388,"href":"https:\/\/pargipaik.ee\/ru\/wp-json\/wp\/v2\/pages\/1004\/revisions\/1388"}],"wp:attachment":[{"href":"https:\/\/pargipaik.ee\/ru\/wp-json\/wp\/v2\/media?parent=1004"}],"curies":[{"name":"wp","href":"https:\/\/api.w.org\/{rel}","templated":true}]}}