{"id":1181,"date":"2021-03-12T08:38:34","date_gmt":"2021-03-12T08:38:34","guid":{"rendered":"https:\/\/pargipaik.ee\/?page_id=1181"},"modified":"2021-03-18T13:27:59","modified_gmt":"2021-03-18T13:27:59","slug":"tingimused","status":"publish","type":"page","link":"https:\/\/pargipaik.ee\/ru\/tingimused\/","title":{"rendered":"Tingimused"},"content":{"rendered":"<p>[et_pb_section fb_built=&#8221;1&#8243; _builder_version=&#8221;4.8.1&#8243; _module_preset=&#8221;default&#8221;][et_pb_row module_id=&#8221;s&#8221; module_class=&#8221;s&#8221; _builder_version=&#8221;4.8.1&#8243; _module_preset=&#8221;default&#8221; custom_padding=&#8221;26px|||||&#8221;][et_pb_column type=&#8221;4_4&#8243; _builder_version=&#8221;4.8.1&#8243; _module_preset=&#8221;default&#8221;][et_pb_text _builder_version=&#8221;4.8.1&#8243; _module_preset=&#8221;default&#8221; text_font=&#8221;Rubik|500|||||||&#8221; text_text_color=&#8221;#000000&#8243; text_font_size=&#8221;22px&#8221; hover_enabled=&#8221;0&#8243; text_font_size_tablet=&#8221;&#8221; text_font_size_phone=&#8221;&#8221; text_font_size_last_edited=&#8221;on|desktop&#8221; sticky_enabled=&#8221;0&#8243;]<\/p>\n<p>\u0423\u0421\u041b\u041e\u0412\u0418\u042f \u041f\u0410\u0420\u041a\u041e\u0412\u041a\u0418<\/p>\n<p>[\/et_pb_text][et_pb_text _builder_version=&#8221;4.8.1&#8243; _module_preset=&#8221;default&#8221; text_font_size=&#8221;19px&#8221; text_line_height=&#8221;1.2em&#8221; custom_margin_tablet=&#8221;||||false|false&#8221; custom_margin_phone=&#8221;&#8221; custom_margin_last_edited=&#8221;on|phone&#8221; hover_enabled=&#8221;0&#8243; text_font_size_tablet=&#8221;&#8221; text_font_size_phone=&#8221;&#8221; text_font_size_last_edited=&#8221;on|desktop&#8221; sticky_enabled=&#8221;0&#8243;]<\/p>\n<div class=\"page\" title=\"Page 1\">\n<div class=\"layoutArea\">\n<div class=\"column\">\n<p>\u041c\u0435\u0436\u0434\u0443 Sava Pargipaik O\u00dc (\u0434\u0430\u043b\u0435\u0435 \u00ab\u041e\u043f\u0435\u0440\u0430\u0442\u043e\u0440\u00bb) \u0438 \u0441\u043e\u0431\u0441\u0442\u0432\u0435\u043d\u043d\u0438\u043a\u043e\u043c \u0438\u043b\u0438 \u043f\u043e\u043b\u044c\u0437\u043e\u0432\u0430\u0442\u0435\u043b\u0435\u043c \u0442\u0440\u0430\u043d\u0441\u043f\u043e\u0440\u0442\u043d\u043e\u0433\u043e \u0441\u0440\u0435\u0434\u0441\u0442\u0432\u0430 (\u0434\u0430\u043b\u0435\u0435 \u00ab\u0412\u043e\u0434\u0438\u0442\u0435\u043b\u044c \u0442\u0440\u0430\u043d\u0441\u043f\u043e\u0440\u0442\u043d\u043e\u0433\u043e \u0441\u0440\u0435\u0434\u0441\u0442\u0432\u0430\u00bb) \u0437\u0430\u043a\u043b\u044e\u0447\u0430\u0435\u0442\u0441\u044f \u0434\u043e\u0433\u043e\u0432\u043e\u0440 \u043f\u043e\u043b\u044c\u0437\u043e\u0432\u0430\u043d\u0438\u044f \u0447\u0430\u0441\u0442\u043d\u043e\u0439 \u0441\u0442\u043e\u044f\u043d\u043a\u043e\u0439 (\u0434\u0430\u043b\u0435\u0435 \u00ab\u0414\u043e\u0433\u043e\u0432\u043e\u0440\u00bb) \u043d\u0430 \u0441\u043b\u0435\u0434\u0443\u044e\u0449\u0438\u0445 \u0443\u0441\u043b\u043e\u0432\u0438\u044f\u0445 (\u0434\u0430\u043b\u0435\u0435 \u00ab\u0423\u0441\u043b\u043e\u0432\u0438\u044f\u00bb):<\/p>\n<p>1. \u041e\u043f\u0435\u0440\u0430\u0442\u043e\u0440, \u043f\u0440\u0435\u0434\u0441\u0442\u0430\u0432\u043b\u0435\u043d\u0438\u0435\u043c \u0443\u0441\u043b\u043e\u0432\u0438\u0439, \u0443\u043a\u0430\u0437\u0430\u043d\u043d\u044b\u0445 \u0432 \u0414\u043e\u0433\u043e\u0432\u043e\u0440\u0435, \u043f\u0440\u0435\u0434\u043b\u0430\u0433\u0430\u0435\u0442 \u0437\u0430\u043a\u043b\u044e\u0447\u0438\u0442\u044c \u0414\u043e\u0433\u043e\u0432\u043e\u0440 \u0432 \u0441\u043e\u043e\u0442\u0432\u0435\u0442\u0441\u0442\u0432\u0438\u0438 \u0441 \u0447\u0430\u0441\u0442\u044c\u044e 1 \u0441\u0442\u0430\u0442\u044c\u0438 16 \u041e\u0431\u044f\u0437\u0430\u0442\u0435\u043b\u044c\u0441\u0442\u0432\u0435\u043d\u043d\u043e\u2013\u043f\u0440\u0430\u0432\u043e\u0432\u043e\u0433\u043e \u0437\u0430\u043a\u043e\u043d\u0430. \u0412\u043e\u0434\u0438\u0442\u0435\u043b\u044c \u0442\u0440\u0430\u043d\u0441\u043f\u043e\u0440\u0442\u043d\u043e\u0433\u043e \u0441\u0440\u0435\u0434\u0441\u0442\u0432\u0430, \u0432\u044a\u0435\u0437\u0436\u0430\u044f \u043d\u0430 \u0441\u0442\u043e\u044f\u043d\u043a\u0443 \u043d\u0430 \u0442\u0440\u0430\u043d\u0441\u043f\u043e\u0440\u0442\u043d\u043e\u043c \u0441\u0440\u0435\u0434\u0441\u0442\u0432\u0435, \u0430\u043a\u0446\u0435\u043f\u0442\u0438\u0440\u0443\u0435\u0442 \u0443\u0441\u043b\u043e\u0432\u0438\u044f, \u043f\u0440\u0435\u0434\u0441\u0442\u0430\u0432\u043b\u0435\u043d\u043d\u044b\u0435 \u041e\u043f\u0435\u0440\u0430\u0442\u043e\u0440\u043e\u043c, \u0438 \u0414\u043e\u0433\u043e\u0432\u043e\u0440 \u0441\u0447\u0438\u0442\u0430\u0435\u0442\u0441\u044f \u0437\u0430\u043a\u043b\u044e\u0447\u0435\u043d\u043d\u044b\u043c \u0432 \u0441\u043e\u043e\u0442\u0432\u0435\u0442\u0441\u0442\u0432\u0438\u0438 \u0441\/\u043d\u0430 \u043e\u0441\u043d\u043e\u0432\u0430\u043d\u0438\u0438 \u0447\u0430\u0441\u0442\u0438 1 \u0441\u0442\u0430\u0442\u044c\u0438 20 \u041e\u0431\u044f\u0437\u0430\u0442\u0435\u043b\u044c\u0441\u0442\u0432\u0435\u043d\u043d\u043e\u2013\u043f\u0440\u0430\u0432\u043e\u0432\u043e\u0433\u043e \u0437\u0430\u043a\u043e\u043d\u0430.<span class=\"Apple-converted-space\">\u00a0<\/span><\/p>\n<p>2. \u0421\u043e\u0431\u0441\u0442\u0432\u0435\u043d\u043d\u0438\u043a \u0442\u0440\u0430\u043d\u0441\u043f\u043e\u0440\u0442\u043d\u043e\u0433\u043e \u0441\u0440\u0435\u0434\u0441\u0442\u0432\u0430 \u043e\u0442\u0432\u0435\u0447\u0430\u0435\u0442 \u0437\u0430 \u0432\u044b\u043f\u043e\u043b\u043d\u0435\u043d\u0438\u0435 \u0443\u0441\u043b\u043e\u0432\u0438\u0439 \u0414\u043e\u0433\u043e\u0432\u043e\u0440\u0430 \u0441\u043e\u043b\u0438\u0434\u0430\u0440\u043d\u043e \u0441 \u0412\u043e\u0434\u0438\u0442\u0435\u043b\u0435\u043c \u0442\u0440\u0430\u043d\u0441\u043f\u043e\u0440\u0442\u043d\u043e\u0433\u043e \u0441\u0440\u0435\u0434\u0441\u0442\u0432\u0430.<\/p>\n<p>3. \u041e\u043f\u0435\u0440\u0430\u0442\u043e\u0440 \u0432\u043f\u0440\u0430\u0432\u0435 \u043f\u0440\u0435\u0434\u043f\u043e\u043b\u0430\u0433\u0430\u0442\u044c, \u0447\u0442\u043e \u0441\u043e\u0431\u0441\u0442\u0432\u0435\u043d\u043d\u0438\u043a \u0438\u043b\u0438 \u043e\u0442\u0432\u0435\u0442\u0441\u0442\u0432\u0435\u043d\u043d\u044b\u0439 \u043f\u043e\u043b\u044c\u0437\u043e\u0432\u0430\u0442\u0435\u043b\u044c \u0442\u0440\u0430\u043d\u0441\u043f\u043e\u0440\u0442\u043d\u043e\u0433\u043e \u0441\u0440\u0435\u0434\u0441\u0442\u0432\u0430 \u044f\u0432\u043b\u044f\u0435\u0442\u0441\u044f \u0432\u043e\u0434\u0438\u0442\u0435\u043b\u0435\u043c \u0442\u0440\u0430\u043d\u0441\u043f\u043e\u0440\u0442\u043d\u043e\u0433\u043e \u0441\u0440\u0435\u0434\u0441\u0442\u0432\u0430 \u0438 \u0441\u0442\u043e\u0440\u043e\u043d\u043e\u0439 \u0414\u043e\u0433\u043e\u0432\u043e\u0440\u0430.<\/p>\n<p>4. \u0412\u043e\u0434\u0438\u0442\u0435\u043b\u044c \u0442\u0440\u0430\u043d\u0441\u043f\u043e\u0440\u0442\u043d\u043e\u0433\u043e \u0441\u0440\u0435\u0434\u0441\u0442\u0432\u0430 \u043e\u0431\u044f\u0437\u0430\u043d \u0432\u044b\u043f\u043b\u0430\u0447\u0438\u0432\u0430\u0442\u044c \u043f\u043b\u0430\u0442\u0443 \u0437\u0430 \u043f\u0430\u0440\u043a\u043e\u0432\u043a\u0443 \u0437\u0430 \u043f\u043e\u043b\u044c\u0437\u043e\u0432\u0430\u043d\u0438\u0435 \u043c\u0435\u0441\u0442\u043e\u043c \u043f\u0430\u0440\u043a\u043e\u0432\u043a\u0438 \u041e\u043f\u0435\u0440\u0430\u0442\u043e\u0440\u0430.<\/p>\n<p>5. \u0420\u0430\u0437\u043c\u0435\u0440 \u043f\u043b\u0430\u0442\u044b \u0437\u0430 \u043f\u0430\u0440\u043a\u043e\u0432\u043a\u0443 \u0443\u043a\u0430\u0437\u0430\u043d\u044b \u043d\u0430 \u0438\u043d\u0442\u0435\u0440\u043d\u0435\u0442 \u0441\u0442\u0440\u0430\u043d\u0438\u0446\u0435 \u041e\u043f\u0435\u0440\u0430\u0442\u043e\u0440\u0430 \u2013 www.pargipaik.ee, \u0432\u0440\u0435\u043c\u044f \u0432\u044b\u043f\u043b\u0430\u0442\u044b \u043f\u043b\u0430\u0442\u044b \u0437\u0430 \u043f\u0430\u0440\u043a\u043e\u0432\u043a\u0443, \u0443\u043a\u0430\u0437\u0430\u043d\u044b \u0432 \u0441\u0447\u0435\u0442\u0435 \u0432\u044b\u043f\u0438\u0441\u0430\u043d\u043d\u043e\u043c \u0437\u0430 \u043f\u0430\u0440\u043a\u043e\u0432\u043a\u0443, \u043f\u0440\u0438 \u043d\u0435 \u0441\u0432\u043e\u0435\u0432\u0440\u0435\u043c\u0435\u043d\u043d\u043e\u0439 \u043e\u043f\u043b\u0430\u0442\u0435 \u0441\u0447\u0435\u0442\u0430 \u0437\u0430 \u043f\u0430\u0440\u043a\u043e\u0432\u043a\u0443 \u0438\u0434\u0435\u0442 \u043d\u0430\u0447\u0438\u0441\u043b\u0435\u043d\u0438\u0435 \u043f\u0435\u043d\u043d\u0438.<\/p>\n<p>6. \u0412\u043e\u0434\u0438\u0442\u0435\u043b\u044c \u0442\u0440\u0430\u043d\u0441\u043f\u043e\u0440\u0442\u043d\u043e\u0433\u043e \u0441\u0440\u0435\u0434\u0441\u0442\u0432\u0430 \u0438\u043c\u0435\u0435\u0442 \u043f\u0440\u0430\u0432\u043e \u043f\u043e\u043b\u044c\u0437\u043e\u0432\u0430\u0442\u044c\u0441\u044f \u0441\u0442\u043e\u044f\u043d\u043a\u043e\u0439 \u0434\u043b\u044f \u043f\u0430\u0440\u043a\u043e\u0432\u043a\u0438. \u0417\u0430\u043f\u0440\u0435\u0449\u0435\u043d\u0430 \u0434\u0435\u044f\u0442\u0435\u043b\u044c\u043d\u043e\u0441\u0442\u044c, \u043a\u043e\u0442\u043e\u0440\u0430\u044f \u043d\u0430\u043d\u043e\u0441\u0438\u0442 \u0443\u0449\u0435\u0440\u0431 \u0441\u0442\u043e\u044f\u043d\u043a\u0435 \u0438\u043b\u0438 \u0431\u043b\u0430\u0433\u043e\u0443\u0441\u0442\u0440\u043e\u0439\u0441\u0442\u0432\u0443 \u0441\u0442\u043e\u044f\u043d\u043a\u0438 (\u043d\u0430\u043f\u0440\u0438\u043c\u0435\u0440: \u0441\u0431\u0440\u043e\u0441 \u043c\u0443\u0441\u043e\u0440\u0430, \u043c\u044b\u0442\u044c\u0435 \u0442\u0440\u0430\u043d\u0441\u043f\u043e\u0440\u0442\u043d\u044b\u0445 \u0441\u0440\u0435\u0434\u0441\u0442\u0432 \u0432\u043d\u0435 \u0430\u0432\u0442\u043e\u043c\u043e\u0439\u043a\u0438, \u0440\u0435\u043c\u043e\u043d\u0442 \u0442\u0440\u0430\u043d\u0441\u043f\u043e\u0440\u0442\u043d\u044b\u0445 \u0441\u0440\u0435\u0434\u0441\u0442\u0432, \u043a\u0443\u0440\u0435\u043d\u0438\u0435 \u043d\u0430 \u0442\u0435\u0440\u0440\u0438\u0442\u043e\u0440\u0438\u0438 \u043f\u0430\u0440\u043a\u043e\u0432\u043a\u0438, \u0438 \u0442.\u0434.).<\/p>\n<p>7. \u0412 \u0441\u043b\u0443\u0447\u0430\u0435 \u043d\u0430\u0440\u0443\u0448\u0435\u043d\u0438\u044f \u0414\u043e\u0433\u043e\u0432\u043e\u0440\u0430, \u0412\u043e\u0434\u0438\u0442\u0435\u043b\u044c \u0442\u0440\u0430\u043d\u0441\u043f\u043e\u0440\u0442\u043d\u043e\u0433\u043e \u0441\u0440\u0435\u0434\u0441\u0442\u0432\u0430 \u043e\u0431\u044f\u0437\u0443\u0435\u0442\u0441\u044f \u0432\u044b\u043f\u043b\u0430\u0442\u0438\u0442\u044c \u041e\u043f\u0435\u0440\u0430\u0442\u043e\u0440\u0443 \u043d\u0435\u0443\u0441\u0442\u043e\u0439\u043a\u0443 \u0432 \u0440\u0430\u0437\u043c\u0435\u0440\u0435 57 \u0435\u0432\u0440\u043e. \u0412\u044b\u043f\u043b\u0430\u0442\u0430 \u043d\u0435\u0443\u0441\u0442\u043e\u0439\u043a\u0438 \u043d\u0435 \u0437\u0430\u043c\u0435\u043d\u044f\u0435\u0442 \u0432\u044b\u043f\u043b\u0430\u0442\u0443 \u043f\u043b\u0430\u0442\u044b \u0437\u0430 \u043f\u0430\u0440\u043a\u043e\u0432\u043a\u0443.<\/p>\n<p>8. \u0412 \u0441\u043b\u0443\u0447\u0430\u0435 \u043d\u0430\u0440\u0443\u0448\u0435\u043d\u0438\u044f \u0414\u043e\u0433\u043e\u0432\u043e\u0440\u0430, \u041e\u043f\u0435\u0440\u0430\u0442\u043e\u0440 \u0432\u043f\u0440\u0430\u0432\u0435 \u043f\u0440\u0438\u043c\u0435\u043d\u044f\u0442\u044c \u0432\u0441\u0435 \u0441\u0440\u0435\u0434\u0441\u0442\u0432\u0430 \u043f\u0440\u0430\u0432\u043e\u0432\u043e\u0439 \u0437\u0430\u0449\u0438\u0442\u044b, \u0441\u043e\u043e\u0442\u0432\u0435\u0442\u0441\u0442\u0432\u0443\u044e\u0449\u0438\u0435 \u0437\u0430\u043a\u043e\u043d\u0443, \u0432 \u0442\u043e\u043c \u0447\u0438\u0441\u043b\u0435 \u043f\u0440\u0435\u043f\u044f\u0442\u0441\u0442\u0432\u043e\u0432\u0430\u0442\u044c \u0432\u044b\u0435\u0437\u0434\u0443 \u0438\u0437 \u043f\u0430\u0440\u043a\u043e\u0432\u043e\u0447\u043d\u043e\u0439 \u0437\u043e\u043d\u044b.<\/p>\n<p>9. \u0412 \u0441\u043b\u0443\u0447\u0430\u0435, \u0435\u0441\u043b\u0438 \u043d\u0430\u0445\u043e\u0436\u0434\u0435\u043d\u0438\u0435\u043c \u043d\u0430 \u0441\u0442\u043e\u044f\u043d\u043a\u0435 \u0442\u0440\u0430\u043d\u0441\u043f\u043e\u0440\u0442\u043d\u043e\u0435 \u0441\u0440\u0435\u0434\u0441\u0442\u0432\u043e \u043f\u0440\u0438\u0447\u0438\u043d\u044f\u0435\u0442 \u041e\u043f\u0435\u0440\u0430\u0442\u043e\u0440\u0443 \u0443\u0449\u0435\u0440\u0431 \u0438\u043b\u0438 \u0435\u0441\u043b\u0438 \u043d\u0430 \u0442\u0440\u0430\u043d\u0441\u043f\u043e\u0440\u0442\u043d\u043e\u043c \u0441\u0440\u0435\u0434\u0441\u0442\u0432\u0435 \u0432\u044b\u0435\u0436\u0430\u044e\u0442\u0441\u044f \u0438\u0437 \u043f\u0430\u0440\u043a\u043e\u0432\u043e\u0447\u043d\u043e\u0439 \u0437\u043e\u043d\u044b, \u043d\u0435\u0441\u043c\u043e\u0442\u0440\u044f \u043d\u0430 \u0432\u043e\u0441\u043f\u0440\u0435\u043f\u044f\u0442\u0441\u0442\u0432\u043e\u0432\u0430\u043d\u0438\u0435 \u044d\u0442\u043e\u0433\u043e \u041e\u043f\u0435\u0440\u0430\u0442\u043e\u0440\u043e\u043c, \u0438\u043b\u0438 \u0435\u0441\u043b\u0438 \u043d\u0430\u0440\u0443\u0448\u0430\u0435\u0442\u0441\u044f \u0414\u043e\u0433\u043e\u0432\u043e\u0440 \u0438\u043b\u0438 \u0437\u0430\u043a\u043e\u043d, \u0432 \u0442\u043e\u043c \u0447\u0438\u0441\u043b\u0435 \u0435\u0441\u043b\u0438 \u043f\u0440\u0438\u043f\u0430\u0440\u043a\u043e\u0432\u0430\u043d\u043e \u0442\u0440\u0430\u043d\u0441\u043f\u043e\u0440\u0442\u043d\u043e\u0435 \u0441\u0440\u0435\u0434\u0441\u0442\u0432\u043e \u0431\u0435\u0437 \u043d\u043e\u043c\u0435\u0440\u043d\u043e\u0433\u043e \u0437\u043d\u0430\u043a\u0430 \u0438\u043b\u0438 \u0438\u043c\u0435\u044e\u0442 \u043c\u0435\u0441\u0442\u043e \u043e\u0431\u0441\u0442\u043e\u044f\u0442\u0435\u043b\u044c\u0441\u0442\u0432\u0430, \u043f\u0440\u0435\u0434\u0443\u0441\u043c\u043e\u0442\u0440\u0435\u043d\u043d\u044b\u0435 \u0432 \u0447\u0430\u0441\u0442\u0438 6 \u0441\u0442\u0430\u0442\u044c\u0438 92 \u0417\u0430\u043a\u043e\u043d\u0430 \u043e \u0434\u043e\u0440\u043e\u0436\u043d\u043e\u043c \u0434\u0432\u0438\u0436\u0435\u043d\u0438\u0438, \u041e\u043f\u0435\u0440\u0430\u0442\u043e\u0440 \u0432\u043f\u0440\u0430\u0432\u0435 \u044d\u0432\u0430\u043a\u0443\u0438\u0440\u043e\u0432\u0430\u0442\u044c \u0442\u0440\u0430\u043d\u0441\u043f\u043e\u0440\u0442\u043d\u043e\u0435 \u0441\u0440\u0435\u0434\u0441\u0442\u0432\u043e. \u0412 \u0441\u043b\u0443\u0447\u0430\u0435 \u044d\u0432\u0430\u043a\u0443\u0430\u0446\u0438\u0438 \u0442\u0440\u0430\u043d\u0441\u043f\u043e\u0440\u0442\u043d\u043e\u0433\u043e \u0441\u0440\u0435\u0434\u0441\u0442\u0432\u0430, \u041e\u043f\u0435\u0440\u0430\u0442\u043e\u0440 \u0432\u043f\u0440\u0430\u0432\u0435 \u0443\u0434\u0435\u0440\u0436\u0438\u0432\u0430\u0442\u044c \u0422\u0440\u0430\u043d\u0441\u043f\u043e\u0440\u0442\u043d\u043e\u0435 \u0441\u0440\u0435\u0434\u0441\u0442\u0432\u043e \u0432 \u043c\u0435\u0441\u0442\u0435 \u044d\u0432\u0430\u043a\u0443\u0430\u0446\u0438\u0438 \u0434\u043e \u0442\u043e\u0433\u043e, \u043a\u0430\u043a \u0431\u0443\u0434\u0443\u0442 \u0432\u044b\u043f\u043b\u0430\u0447\u0435\u043d\u044b \u0441\u0443\u043c\u043c\u044b, \u0441\u0432\u044f\u0437\u0430\u043d\u043d\u044b\u0435 \u0441 \u043f\u0430\u0440\u043a\u043e\u0432\u043a\u043e\u0439, \u0432 \u0442\u043e\u043c \u0447\u0438\u0441\u043b\u0435 \u0440\u0430\u0441\u0445\u043e\u0434\u044b, \u0441\u0432\u044f\u0437\u0430\u043d\u043d\u044b\u0435 \u0441 \u044d\u0432\u0430\u043a\u0443\u0430\u0446\u0438\u0435\u0439 \u0442\u0440\u0430\u043d\u0441\u043f\u043e\u0440\u0442\u043d\u043e\u0433\u043e \u0441\u0440\u0435\u0434\u0441\u0442\u0432\u0430.<\/p>\n<p>10. \u041e\u043f\u0435\u0440\u0430\u0442\u043e\u0440 \u0432\u043f\u0440\u0430\u0432\u0435 \u0443\u0441\u0442\u0443\u043f\u0438\u0442\u044c \u0442\u0440\u0435\u0431\u043e\u0432\u0430\u043d\u0438\u044f, \u0432\u044b\u0442\u0435\u043a\u0430\u044e\u0449\u0438\u0435 \u0438\u0437 \u0414\u043e\u0433\u043e\u0432\u043e\u0440\u0430, \u043b\u0438\u0446\u0443, \u043e\u043a\u0430\u0437\u044b\u0432\u0430\u044e\u0449\u0435\u043c\u0443 \u0438\u043d\u043a\u0430\u0441\u0441\u043e\u0432\u0443\u044e \u0443\u0441\u043b\u0443\u0433\u0443, \u043e\u0431\u0440\u0430\u0442\u0438\u0442\u044c\u0441\u044f \u0441 \u0442\u0440\u0435\u0431\u043e\u0432\u0430\u043d\u0438\u0435\u043c \u0432 \u0443\u0435\u0437\u0434\u043d\u044b\u0439 \u0441\u0443\u0434, \u0430 \u0442\u0430\u043a\u0436\u0435 \u043e\u0431\u043d\u0430\u0440\u043e\u0434\u043e\u0432\u0430\u0442\u044c \u0434\u0430\u043d\u043d\u044b\u0435 \u043f\u043e \u0434\u043e\u043b\u0433\u0430\u043c (\u0434\u0430\u043d\u043d\u044b\u0435 \u043e \u043d\u0430\u0440\u0443\u0448\u0435\u043d\u0438\u0438 \u0441\u0440\u043e\u043a\u043e\u0432 \u043e\u043f\u043b\u0430\u0442\u044b) \u043f\u0430\u0440\u0442\u043d\u0435\u0440\u0430\u043c \u043f\u043e \u0434\u043e\u0433\u043e\u0432\u043e\u0440\u0443, \u043a\u043e\u0442\u043e\u0440\u044b\u0435 \u0443\u043a\u0430\u0437\u0430\u043d\u044b \u043d\u0430 \u0434\u043e\u043c\u0430\u0448\u043d\u0435\u0439 \u0441\u0442\u0440\u0430\u043d\u0438\u0446\u0435 \u041e\u043f\u0435\u0440\u0430\u0442\u043e\u0440\u0430.<\/p>\n<p>11. \u0412\u043e\u0434\u0438\u0442\u0435\u043b\u044c \u0442\u0440\u0430\u043d\u0441\u043f\u043e\u0440\u0442\u043d\u043e\u0433\u043e \u0441\u0440\u0435\u0434\u0441\u0442\u0432\u0430 \u043e\u0431\u044f\u0437\u0430\u043d \u043f\u043e\u043b\u044c\u0437\u043e\u0432\u0430\u0442\u044c\u0441\u044f \u0441\u0442\u043e\u044f\u043d\u043a\u043e\u0439 \u0438 \u043c\u0435\u0441\u0442\u043e\u043c \u043f\u0430\u0440\u043a\u043e\u0432\u043a\u0438, \u0441\u043e\u0431\u043b\u044e\u0434\u0430\u044f \u043e\u0431\u044f\u0437\u0430\u043d\u043d\u043e\u0441\u0442\u044c \u043f\u0440\u0438\u043b\u0435\u0436\u0430\u043d\u0438\u044f \u0432\u043e\u0434\u0438\u0442\u0435\u043b\u044f \u0442\u0440\u0430\u043d\u0441\u043f\u043e\u0440\u0442\u043d\u043e\u0433\u043e \u0441\u0440\u0435\u0434\u0441\u0442\u0432\u0430, \u0430 \u0442\u0430\u043a\u0436\u0435 \u0438\u0441\u0445\u043e\u0434\u0438\u0442\u044c \u0438\u0437 \u0443\u0441\u0442\u0430\u043d\u043e\u0432\u043b\u0435\u043d\u043d\u044b\u0445 \u0443\u043a\u0430\u0437\u0430\u0442\u0435\u043b\u0435\u0439, \u0440\u0430\u0437\u043c\u0435\u0442\u043e\u043a \u0438 \u0440\u0443\u043a\u043e\u0432\u043e\u0434\u0441\u0442\u0432 \u041e\u043f\u0435\u0440\u0430\u0442\u043e\u0440\u0430.<span class=\"Apple-converted-space\">\u00a0<\/span><\/p>\n<\/div>\n<\/div>\n<\/div>\n<p>[\/et_pb_text][\/et_pb_column][\/et_pb_row][\/et_pb_section]<\/p>","protected":false},"excerpt":{"rendered":"<p>PARKIMISTINGIMUSED Sava Pargipaik O\u00dc (edaspidi Operaator) ja s\u00f5iduki omaniku v\u00f5i kasutaja (edaspidi S\u00f5idukijuht) s\u00f5lmitakse eraparkla kasutamise leping (edaspidi Leping) j\u00e4rgnevatel tingimustel (edaspidi Tingimused): 1. Operaator v\u00e4ljendab Lepingus toodud tingimuste esitamisega pakkumust Lepingu s\u00f5lmimiseks V\u00d5S \u00a7 16 lg 1 j\u00e4rgi. S\u00f5ites s\u00f5idukiga parklasse, aktsepteerib S\u00f5idukijuht Operaatori poolt esitatud tingimusi ja Leping loetakse s\u00f5lmituks V\u00d5S \u00a7 20 [&hellip;]<\/p>","protected":false},"author":1,"featured_media":0,"parent":0,"menu_order":0,"comment_status":"closed","ping_status":"closed","template":"","meta":{"_et_pb_use_builder":"on","_et_pb_old_content":"","_et_gb_content_width":"","footnotes":""},"class_list":["post-1181","page","type-page","status-publish","hentry"],"_links":{"self":[{"href":"https:\/\/pargipaik.ee\/ru\/wp-json\/wp\/v2\/pages\/1181","targetHints":{"allow":["GET"]}}],"collection":[{"href":"https:\/\/pargipaik.ee\/ru\/wp-json\/wp\/v2\/pages"}],"about":[{"href":"https:\/\/pargipaik.ee\/ru\/wp-json\/wp\/v2\/types\/page"}],"author":[{"embeddable":true,"href":"https:\/\/pargipaik.ee\/ru\/wp-json\/wp\/v2\/users\/1"}],"replies":[{"embeddable":true,"href":"https:\/\/pargipaik.ee\/ru\/wp-json\/wp\/v2\/comments?post=1181"}],"version-history":[{"count":0,"href":"https:\/\/pargipaik.ee\/ru\/wp-json\/wp\/v2\/pages\/1181\/revisions"}],"wp:attachment":[{"href":"https:\/\/pargipaik.ee\/ru\/wp-json\/wp\/v2\/media?parent=1181"}],"curies":[{"name":"wp","href":"https:\/\/api.w.org\/{rel}","templated":true}]}}