{"id":732,"date":"2021-02-07T13:20:50","date_gmt":"2021-02-07T13:20:50","guid":{"rendered":"https:\/\/pargipaik.ee\/?page_id=732"},"modified":"2025-11-28T11:41:13","modified_gmt":"2025-11-28T11:41:13","slug":"hinnad-1","status":"publish","type":"page","link":"https:\/\/pargipaik.ee\/ru\/hinnad-1\/","title":{"rendered":"Hinnad 1 Est"},"content":{"rendered":"<p>[et_pb_section fb_built=&#8221;1&#8243; _builder_version=&#8221;4.8.1&#8243; _module_preset=&#8221;default&#8221; global_colors_info=&#8221;{}&#8221;][et_pb_row column_structure=&#8221;1_3,1_3,1_3&#8243; module_id=&#8221;s&#8221; module_class=&#8221;s&#8221; _builder_version=&#8221;4.8.1&#8243; _module_preset=&#8221;default&#8221; custom_padding=&#8221;26px|||||&#8221; global_colors_info=&#8221;{}&#8221;][et_pb_column type=&#8221;1_3&#8243; _builder_version=&#8221;4.8.1&#8243; _module_preset=&#8221;default&#8221; global_colors_info=&#8221;{}&#8221;][et_pb_text _builder_version=&#8221;4.8.1&#8243; _module_preset=&#8221;default&#8221; text_font=&#8221;Rubik|500|||||||&#8221; text_text_color=&#8221;#000000&#8243; text_font_size=&#8221;22px&#8221; text_font_size_tablet=&#8221;&#8221; text_font_size_phone=&#8221;&#8221; text_font_size_last_edited=&#8221;on|desktop&#8221; global_colors_info=&#8221;{}&#8221;]<\/p>\n<p>\u0410\u0432\u0442\u043e\u043c\u043e\u0431\u0438\u043b\u044c, \u041c\u043e\u0442\u043e\u0442\u0435\u0445\u043d\u0438\u043a\u0430, \u041f\u0440\u0438\u0446\u0435\u043f:<\/p>\n<p>[\/et_pb_text][\/et_pb_column][et_pb_column type=&#8221;1_3&#8243; _builder_version=&#8221;4.8.1&#8243; _module_preset=&#8221;default&#8221; global_colors_info=&#8221;{}&#8221;][et_pb_text _builder_version=&#8221;4.14.7&#8243; _module_preset=&#8221;default&#8221; text_font_size=&#8221;19px&#8221; text_line_height=&#8221;1.2em&#8221; text_font_size_tablet=&#8221;&#8221; text_font_size_phone=&#8221;&#8221; text_font_size_last_edited=&#8221;on|desktop&#8221; global_colors_info=&#8221;{}&#8221;]<\/p>\n<p>1 \u0434\u0435\u043d\u044c \u2013 15 eur<\/p>\n<p>2 \u0434\u043d\u044f \u2013 30 eur<\/p>\n<p>3 \u0434\u043d\u044f \u2013 45 eur<\/p>\n<p>4 \u0434\u043d\u044f \u2013 60 eur<\/p>\n<p>5 \u0434\u043d\u0435\u0439 \u2013 75 eur<\/p>\n<p>1 \u043c\u0435\u0441\u044f\u0446 \u2013 75 eur<\/p>\n<p>[\/et_pb_text][et_pb_text _builder_version=&#8221;4.14.7&#8243; _module_preset=&#8221;default&#8221; text_font=&#8221;Rubik|500|||||||&#8221; text_text_color=&#8221;#000000&#8243; text_font_size=&#8221;22px&#8221; hover_enabled=&#8221;0&#8243; text_font_size_tablet=&#8221;&#8221; text_font_size_phone=&#8221;&#8221; text_font_size_last_edited=&#8221;on|desktop&#8221; global_colors_info=&#8221;{}&#8221; sticky_enabled=&#8221;0&#8243;]<\/p>\n<h4>(\u0446\u0435\u043d\u0430 \u0441\u043e\u0434\u0435\u0440\u0436\u0438\u0442 \u041d\u0414\u0421 - 24%)<\/h4>\n<p>[\/et_pb_text][\/et_pb_column][et_pb_column type=&#8221;1_3&#8243; _builder_version=&#8221;4.8.1&#8243; _module_preset=&#8221;default&#8221; global_colors_info=&#8221;{}&#8221;][\/et_pb_column][\/et_pb_row][\/et_pb_section]<\/p>","protected":false},"excerpt":{"rendered":"<p>S\u00f5iduauto, mototehnika, haagis:1 p\u00e4ev &#8211; 15 Eur 2 p\u00e4eva &#8211; 30 eur 3 p\u00e4eva &#8211; 45 eur 4 p\u00e4eva &#8211; 60 eur 5 p\u00e4eva &#8211; 75 Eur 1 kuu &#8211; 75 Eur(Hind sisaldab VAT 24%)<\/p>","protected":false},"author":1,"featured_media":0,"parent":0,"menu_order":0,"comment_status":"closed","ping_status":"closed","template":"","meta":{"_et_pb_use_builder":"on","_et_pb_old_content":"","_et_gb_content_width":"","footnotes":""},"class_list":["post-732","page","type-page","status-publish","hentry"],"_links":{"self":[{"href":"https:\/\/pargipaik.ee\/ru\/wp-json\/wp\/v2\/pages\/732","targetHints":{"allow":["GET"]}}],"collection":[{"href":"https:\/\/pargipaik.ee\/ru\/wp-json\/wp\/v2\/pages"}],"about":[{"href":"https:\/\/pargipaik.ee\/ru\/wp-json\/wp\/v2\/types\/page"}],"author":[{"embeddable":true,"href":"https:\/\/pargipaik.ee\/ru\/wp-json\/wp\/v2\/users\/1"}],"replies":[{"embeddable":true,"href":"https:\/\/pargipaik.ee\/ru\/wp-json\/wp\/v2\/comments?post=732"}],"version-history":[{"count":3,"href":"https:\/\/pargipaik.ee\/ru\/wp-json\/wp\/v2\/pages\/732\/revisions"}],"predecessor-version":[{"id":1386,"href":"https:\/\/pargipaik.ee\/ru\/wp-json\/wp\/v2\/pages\/732\/revisions\/1386"}],"wp:attachment":[{"href":"https:\/\/pargipaik.ee\/ru\/wp-json\/wp\/v2\/media?parent=732"}],"curies":[{"name":"wp","href":"https:\/\/api.w.org\/{rel}","templated":true}]}}